{"id":37,"date":"2013-05-14T20:49:50","date_gmt":"2013-05-14T19:49:50","guid":{"rendered":"http:\/\/www.orthozentrumsalzburg.at\/?page_id=37"},"modified":"2018-05-25T23:12:29","modified_gmt":"2018-05-25T22:12:29","slug":"anfahrt","status":"publish","type":"page","link":"http:\/\/www.orthozentrumsalzburg.at\/?page_id=37","title":{"rendered":"Anfahrt"},"content":{"rendered":"<p><img loading=\"lazy\" class=\"alignnone size-full wp-image-4393\" src=\"http:\/\/www.orthozentrumsalzburg.at\/wp-content\/uploads\/2018\/05\/anf002-914x1024.jpeg\" alt=\"\" width=\"914\" height=\"1024\" srcset=\"http:\/\/www.orthozentrumsalzburg.at\/wp-content\/uploads\/2018\/05\/anf002-914x1024-200x224.jpeg 200w, http:\/\/www.orthozentrumsalzburg.at\/wp-content\/uploads\/2018\/05\/anf002-914x1024-268x300.jpeg 268w, http:\/\/www.orthozentrumsalzburg.at\/wp-content\/uploads\/2018\/05\/anf002-914x1024-400x448.jpeg 400w, http:\/\/www.orthozentrumsalzburg.at\/wp-content\/uploads\/2018\/05\/anf002-914x1024-600x672.jpeg 600w, http:\/\/www.orthozentrumsalzburg.at\/wp-content\/uploads\/2018\/05\/anf002-914x1024-768x860.jpeg 768w, http:\/\/www.orthozentrumsalzburg.at\/wp-content\/uploads\/2018\/05\/anf002-914x1024-800x896.jpeg 800w, http:\/\/www.orthozentrumsalzburg.at\/wp-content\/uploads\/2018\/05\/anf002-914x1024.jpeg 914w\" sizes=\"(max-width: 914px) 100vw, 914px\" \/><\/p>\n<p>&nbsp;<\/p>\n<p>&nbsp;<\/p>\n<h2>Mit dem Bus<\/h2>\n<p>Buslinie 1 ab <strong>Hauptbahnhof<\/strong> oder <strong>Hanuschplatz<\/strong> Richtung Klessheim Stadion\/Europark, Haltestelle Br\u00e4uhausstra\u00dfe oder Schwedenstra\u00dfe. Die Stieglstra\u00dfe liegt zwischen den beiden Haltestellen.<\/p>\n<p>Buslinie 10 ab <strong>Hanuschplatz<\/strong> Richtung Himmelreich Outletcenter\/Walserfeld, Haltestelle Br\u00e4uhausstra\u00dfe oder Schwedenstra\u00dfe. Die Stieglstra\u00dfe liegt zwischen den beiden Haltestellen.<\/p>\n<p>Buslinie 27 ab <strong>Hanuschplatz<\/strong> in Richtung Airport, Haltestelle Schwedenstra\u00dfe, von dort die Maxglaner Hauptstra\u00dfe stadteinw\u00e4rts gehen, zweite rechts ist die Stieglstra\u00dfe.<\/p>\n<h2><strong><br \/>\n<\/strong>Mit dem Auto<\/h2>\n<p><strong>Navigationssystem:<\/strong> Bitte Stieglstra\u00dfe 5 eingeben !<\/p>\n<p><strong>Von der Salzburger Innenstadt<\/strong> durch das Neutor \u00fcber die Neutorstra\u00dfe nach dem Links-Rechts-Schlenker in die Maxglaner Hauptstra\u00dfe. Links in eine der Seitenstra\u00dfen (Heinrich-Kiener-Stra\u00dfe oder Franz-Gruber-Stra\u00dfe) abbiegen, dann rechts auf die Franz-Huemer-Stra\u00dfe. Die Stieglstra\u00dfe ist die 1. bzw. 2. Stra\u00dfe rechts. Parken k\u00f6nnen Sie vor unserem Eingang in der Franz-Huemer-Stra\u00dfe oder in der Stieglstra\u00dfe oder auf unserem Parkplatz, der von der Stieglstra\u00dfe zuzufahren ist.<\/p>\n<p><strong>Von der Autobahn Ausfahrt Flughafen<\/strong> Richtung Zentrum, dann vor dem Flughafen \/ Mercedes Pappas links Richtung Zentrum, am Ende der Stra\u00dfe rechts in die Maxglaner Hauptstra\u00dfe Richtung Zentrum. Die erste Stra\u00dfe nach der ersten Ampelkreuzung rechts in die Kaiser-Karl-Stra\u00dfe, dann links in die Franz-Huemer-Stra\u00dfe. Parken k\u00f6nnen Sie vor unserem Eingang in der Franz-Huemer-Stra\u00dfe oder in der Stieglstra\u00dfe oder auf unserem Parkplatz, der von der Stieglstra\u00dfe zuzufahren ist.<\/p>\n<p>Ausreichend Parkm\u00f6glichkeiten auf unserem kostenfreien Parkplatz und auf den kostenlosen Parkpl\u00e4tzen in der Stiegl- und Franz-Huemer-Stra\u00dfe vorhanden.<\/p>\n<p>&nbsp;<\/p>\n","protected":false},"excerpt":{"rendered":"<p>&nbsp; &nbsp; Mit dem Bus Buslinie 1 ab Hauptbahnhof oder Hanuschplatz Richtung Klessheim Stadion\/Europark, Haltestelle Br\u00e4uhausstra\u00dfe oder Schwedenstra\u00dfe. Die Stieglstra\u00dfe liegt zwischen den beiden Haltestellen. Buslinie 10 ab Hanuschplatz Richtung Himmelreich Outletcenter\/Walserfeld, Haltestelle Br\u00e4uhausstra\u00dfe oder Schwedenstra\u00dfe. Die Stieglstra\u00dfe liegt zwischen den beiden Haltestellen. Buslinie 27 ab Hanuschplatz in Richtung Airport, Haltestelle Schwedenstra\u00dfe, von dort die [&hellip;]<\/p>\n","protected":false},"author":1,"featured_media":0,"parent":0,"menu_order":0,"comment_status":"closed","ping_status":"open","template":"","meta":[],"_links":{"self":[{"href":"http:\/\/www.orthozentrumsalzburg.at\/index.php?rest_route=\/wp\/v2\/pages\/37"}],"collection":[{"href":"http:\/\/www.orthozentrumsalzburg.at\/index.php?rest_route=\/wp\/v2\/pages"}],"about":[{"href":"http:\/\/www.orthozentrumsalzburg.at\/index.php?rest_route=\/wp\/v2\/types\/page"}],"author":[{"embeddable":true,"href":"http:\/\/www.orthozentrumsalzburg.at\/index.php?rest_route=\/wp\/v2\/users\/1"}],"replies":[{"embeddable":true,"href":"http:\/\/www.orthozentrumsalzburg.at\/index.php?rest_route=%2Fwp%2Fv2%2Fcomments&post=37"}],"version-history":[{"count":15,"href":"http:\/\/www.orthozentrumsalzburg.at\/index.php?rest_route=\/wp\/v2\/pages\/37\/revisions"}],"predecessor-version":[{"id":4394,"href":"http:\/\/www.orthozentrumsalzburg.at\/index.php?rest_route=\/wp\/v2\/pages\/37\/revisions\/4394"}],"wp:attachment":[{"href":"http:\/\/www.orthozentrumsalzburg.at\/index.php?rest_route=%2Fwp%2Fv2%2Fmedia&parent=37"}],"curies":[{"name":"wp","href":"https:\/\/api.w.org\/{rel}","templated":true}]}}