{"id":4202,"date":"2014-12-15T10:53:18","date_gmt":"2014-12-15T09:53:18","guid":{"rendered":"http:\/\/www.orthozentrumsalzburg.at\/?page_id=4202"},"modified":"2018-05-25T22:43:23","modified_gmt":"2018-05-25T21:43:23","slug":"stoswellenbehandlung","status":"publish","type":"page","link":"http:\/\/www.orthozentrumsalzburg.at\/?page_id=4202","title":{"rendered":"Sto\u00dfwellenbehandlung"},"content":{"rendered":"<h3>Sto\u00dfwellenbehandlung (Extrakorporale Sto\u00dfwelle ESWT)<\/h3>\n<p>&nbsp;<\/p>\n<p>Bei zahlreichen Erkrankungen von\u00a0Gelenken und Weichteilen kann\u00a0die Sto\u00dfwellenbehandlung eine erhebliche Linderung oder Heilung erm\u00f6glichen. Wir\u00a0behandeln alle K\u00f6rperregionen mit der Sto\u00dfwelle (Extrakorporale Stosswellentherapie ESWT)\u00a0und nutzen in unseren R\u00e4umlichkeiten eines der\u00a0<a title=\"Swiss Dolorclast Touch\" href=\"http:\/\/www.ems-company.com\/media\/pdf\/swiss_dolorclast_patient_brochure_fa-209_de.pdf\" target=\"_blank\"><span style=\"color: #545454;\">modernsten Ger\u00e4te<\/span><\/a>.<\/p>\n<p>Durch die Sto\u00dfwellentherapie\u00a0erfolgt eine\u00a0Schmerzlinderung oder Schmerzbefreiung \u00fcber die\u00a0F\u00f6rderung der\u00a0Durchblutung und die Steigerung reparativer Vorg\u00e4ngen im Gebebe. Es werden zudem Entz\u00fcndungen gehemmt und die k\u00f6rpereigene Abwehr wird verbessert.<\/p>\n<p>Bei folgenden Diagnosen kann die Sto\u00dfwellenbehandlung sehr gut helfen:<\/p>\n<ul>\n<li><strong>Fersensporn<\/strong> (Faszitis plantaris)<\/li>\n<li><strong>Tenissellbogen<\/strong> (Epicondylitis humeri radialis)<\/li>\n<li>Golferellenbogen (Epicondylitis humeri ulnaris)<\/li>\n<li><strong>Kalkschulter<\/strong> (Tendinitis calcarea)<\/li>\n<li><strong>Achillessehnenbeschwerden<\/strong> (Achillodynie)<\/li>\n<li><strong>Trochanterschmerz<\/strong> (Bursitis trochanterica)<\/li>\n<li>Nicht heilender Knochen (Pseudarthrose)<\/li>\n<li>Chronische <strong>Nacken- und R\u00fcckenschmerzen<\/strong> \u2013 Triggerpunktbehandlung<\/li>\n<\/ul>\n<p>&nbsp;<\/p>\n<h4>Wirkung<\/h4>\n<p>Die Sto\u00dfwellenbehandlung erfolgt anhand der wissenschaftlich nachgewiesenen Wirksamkeit. Wichtig ist vor allen Dingen, da\u00df die Sto\u00dfwellentherapie genau an dem schmerzhaften Punkt durchgef\u00fchrt wird. Dazu ist die aktive R\u00fcckmeldung des Patienten wichtig.<\/p>\n<p>Sto\u00dfwellen sind mechanische Druckimpulse \u00e4hnlich einer Ultraschallbehandlung, jedoch\u00a0deutlich\u00a0st\u00e4rker. Die Behandlung schmerzt leicht, was f\u00fcr den Heilungserfolg sehr wichtig ist. Die Behandlung wird aber sehr gut vertragen. Oft bemerkt man bereits unmittelbar nach der Behandlung eine Besserung. Die Behandlung dauert ca. 10 Minuten.<\/p>\n<h4>Durchf\u00fchrung \/ Kosten<\/h4>\n<p>Die Sto\u00dfwellenbehandlung wirkt in der Regel nur suffizient, wenn sie mindestens 3-5x im Abstand von einer Woche durchgef\u00fchrt wird. Wir verlangen\u00a0f\u00fcr die ersten 3 Sto\u00dfwellenbehandlungen jeweils ca. 80-90 Euro pro Sitzung je nach Indikation. Die Behandlung wird bei uns \u00e4u\u00dferst pr\u00e4zise und gr\u00fcndlich durchgef\u00fchrt, was die hohe Zufriedenheit belegt. Wenn Sie schon l\u00e4nger als 6 Monate an Beschwerden leiden und mehrere Behandlungsversuche ohne Sto\u00dfwelle hinter sich haben, besteht nach <span style=\"text-decoration: underline;\">vorherigem<\/span> Antrag und allf\u00e4lliger Bewilligung\u00a0die M\u00f6glichkeit eines Kostenzuschusses von 25 Euro f\u00fcr jede der ersten 3 Behandlungen durch die SGKK. Die BVA, SVA, VAEB und KFA zahlen in der Regel ohenhin einen Zuschu\u00df.<\/p>\n<p>Termine k\u00f6nnen Sie per Telefon unter <strong>0662\u00a082 47 74<\/strong> oder <a title=\"Terminvereinbarung\" href=\"https:\/\/www.mednanny.com\/servlet\/customer.DocAppointmentHP?p_id=65552&amp;res_id=2019,2018,2020\" target=\"_blank\"><span style=\"color: #545454;\">hier im Internet online <\/span><\/a>vereinbaren. Klicken Sie dazu bitte den Termin \u201cSto\u00dfwelle\u201d an.<\/p>\n<div  class=\"fusion-fullwidth fullwidth-box hundred-percent-fullwidth\"  style='background-color: rgba(255,255,255,0);background-position: center center;background-repeat: no-repeat;padding-top:0px;padding-right:0px;padding-bottom:0px;padding-left:0px;'><div class=\"fusion-builder-row fusion-row \"><div  class=\"fusion-layout-column fusion_builder_column fusion_builder_column_1_1  fusion-one-full fusion-column-first fusion-column-last fusion-column-no-min-height 1_1\"  style='margin-top:0px;margin-bottom:0px;'>\n\t\t\t<div class=\"fusion-column-wrapper\" style=\"background-position:left top;background-repeat:no-repeat;-webkit-background-size:cover;-moz-background-size:cover;-o-background-size:cover;background-size:cover;\"  data-bg-url=\"\">\n\t\t\t\t<style type='text\/css'>.reading-box-container-1 .element-bottomshadow:before,.reading-box-container-1 .element-bottomshadow:after{opacity:0.7;}<\/style><div class=\"fusion-reading-box-container reading-box-container-1\" style=\"margin-top:0px;margin-bottom:84px;\"><div class=\"reading-box element-bottomshadow\" style=\"background-color:#f6f6f6;border-width:1px;border-color:#f6f6f6;border-top-width:3px;border-top-color:#e9a825;border-style:solid;\"><a class=\"button fusion-button button-default button-round fusion-button-large button-large button-flat fusion-desktop-button continue continue-right\" style=\"-webkit-box-shadow:none;-moz-box-shadow:none;box-shadow:none;\" href=\"https:\/\/www.mednanny.com\/servlet\/customer.DocAppointmentHP?p_id=65552&amp;res_id=2019,2018,2020\" target=\"_self\"><span>Termin vereinbaren<\/span><\/a><h2>Vereinbaren Sie eine Sto\u00dfwellenbehandlung<\/h2><div class=\"reading-box-description\">W\u00e4hlen Sie bitte aus der Liste Sto\u00dfwelle aus<\/div><a class=\"button fusion-button button-default button-round fusion-button-large button-large button-flat fusion-mobile-button continue-right\" style=\"-webkit-box-shadow:none;-moz-box-shadow:none;box-shadow:none;\" href=\"https:\/\/www.mednanny.com\/servlet\/customer.DocAppointmentHP?p_id=65552&amp;res_id=2019,2018,2020\" target=\"_self\"><span>Termin vereinbaren<\/span><\/a><\/div><\/div><div class=\"fusion-clearfix\"><\/div>\n\n\t\t\t<\/div>\n\t\t<\/div><\/div><\/div>\n","protected":false},"excerpt":{"rendered":"<p>Sto\u00dfwellenbehandlung (Extrakorporale Sto\u00dfwelle ESWT) &nbsp; Bei zahlreichen Erkrankungen von\u00a0Gelenken und Weichteilen kann\u00a0die Sto\u00dfwellenbehandlung eine erhebliche Linderung oder Heilung erm\u00f6glichen. Wir\u00a0behandeln alle K\u00f6rperregionen mit der Sto\u00dfwelle (Extrakorporale Stosswellentherapie ESWT)\u00a0und nutzen in unseren R\u00e4umlichkeiten eines der\u00a0modernsten Ger\u00e4te. Durch die Sto\u00dfwellentherapie\u00a0erfolgt eine\u00a0Schmerzlinderung oder Schmerzbefreiung \u00fcber die\u00a0F\u00f6rderung der\u00a0Durchblutung und die Steigerung reparativer Vorg\u00e4ngen im Gebebe. Es werden zudem Entz\u00fcndungen [&hellip;]<\/p>\n","protected":false},"author":1,"featured_media":0,"parent":0,"menu_order":0,"comment_status":"closed","ping_status":"open","template":"","meta":[],"_links":{"self":[{"href":"http:\/\/www.orthozentrumsalzburg.at\/index.php?rest_route=\/wp\/v2\/pages\/4202"}],"collection":[{"href":"http:\/\/www.orthozentrumsalzburg.at\/index.php?rest_route=\/wp\/v2\/pages"}],"about":[{"href":"http:\/\/www.orthozentrumsalzburg.at\/index.php?rest_route=\/wp\/v2\/types\/page"}],"author":[{"embeddable":true,"href":"http:\/\/www.orthozentrumsalzburg.at\/index.php?rest_route=\/wp\/v2\/users\/1"}],"replies":[{"embeddable":true,"href":"http:\/\/www.orthozentrumsalzburg.at\/index.php?rest_route=%2Fwp%2Fv2%2Fcomments&post=4202"}],"version-history":[{"count":14,"href":"http:\/\/www.orthozentrumsalzburg.at\/index.php?rest_route=\/wp\/v2\/pages\/4202\/revisions"}],"predecessor-version":[{"id":4312,"href":"http:\/\/www.orthozentrumsalzburg.at\/index.php?rest_route=\/wp\/v2\/pages\/4202\/revisions\/4312"}],"wp:attachment":[{"href":"http:\/\/www.orthozentrumsalzburg.at\/index.php?rest_route=%2Fwp%2Fv2%2Fmedia&parent=4202"}],"curies":[{"name":"wp","href":"https:\/\/api.w.org\/{rel}","templated":true}]}}