{"id":6,"date":"2012-12-29T01:22:40","date_gmt":"2012-12-28T23:22:40","guid":{"rendered":"http:\/\/orthozentrumsalzburg.at\/?page_id=6"},"modified":"2018-05-25T22:40:26","modified_gmt":"2018-05-25T21:40:26","slug":"impressum","status":"publish","type":"page","link":"http:\/\/www.orthozentrumsalzburg.at\/?page_id=6","title":{"rendered":"Impressum"},"content":{"rendered":"<p>Information gem\u00e4\u00df \u00a7 5 E-Commerce-Gesetz und Offenlegung gem\u00e4\u00df \u00a7 25 Mediengesetz:<\/p>\n<p><strong>Diensteanbieter:<\/strong><br \/>\nOrthozentrum Spine &amp; Joint GmbH<\/p>\n<p><strong>Rechtsform:<br \/>\n<\/strong>Gesellschaft mit beschr\u00e4nkter Haftung<\/p>\n<p><strong>Medieninhaber:<\/strong><br \/>\nDr. Christian Behrendt<\/p>\n<p><strong>Firmensitz:<\/strong><br \/>\nStieglstra\u00dfe 7<br \/>\nA-5020 Salzburg<\/p>\n<p>Tel.: +43 662 82 47 74<br \/>\nFax: +43 662 63 04 01<\/p>\n<p><strong>Homepage:<\/strong><br \/>\nwww.orthozentrumsalzburg.at<br \/>\nwww.ortho-zentrum-salzburg.at<br \/>\nwww.orthozentrum-sbg.at<\/p>\n<p><strong>Unternehmensgegenstand:<\/strong><br \/>\nEinrichtung einer Ordinationsgemeinschaft<\/p>\n<p><strong>UID Nr.:<\/strong><br \/>\nATU67651908<\/p>\n<p><strong>Firmenbuchnummer:<\/strong><br \/>\nFN 389428 p<\/p>\n<p><strong>Firmenbuchgericht:<\/strong><br \/>\nLandesgericht Salzburg<\/p>\n<p><strong>Mitgliedschaft der Kammer:<\/strong><br \/>\nDie Gesellschafter sind Mitglied der \u00c4rztekammer f\u00fcr Salzburg<\/p>\n<p><strong>Anwendbare Rechtsvorschriften:<br \/>\n<\/strong>\u00c4rztegesetz 1998<br \/>\n(siehe <a href=\"http:\/\/www.ris.bka.gv.at\/bundesrecht\">http:\/\/www.ris.bka.gv.at\/bundesrecht<\/a>)<\/p>\n<p><strong>Aufsichtsbeh\u00f6rde:<\/strong><br \/>\nfolgt<\/p>\n<p><strong>Gesch\u00e4ftsf\u00fchrende Gesellschafter<\/strong><\/p>\n<p><strong>Dr. Christian Behrendt<br \/>\n<\/strong>Mitglied der \u00c4rztekammer f\u00fcr Salzburg<br \/>\nBerufsbezeichnung: Facharzt f\u00fcr Orthop\u00e4die und Traumatologie, Arzt f\u00fcr Allgemeinmedizin<br \/>\n(verliehen in \u00d6sterreich nach Facharztverleihung \u201eFacharzt f\u00fcr Orthop\u00e4dische Chirurgie und Traumatologie des Bewegungsapparates\u201c und &#8222;Praktischer Arzt&#8220; in der Schweiz)<br \/>\nT\u00e4tigkeit unterliegt dem \u00c4rztegesetz 1998<br \/>\n(siehe <a href=\"http:\/\/www.ris.bka.gv.at\/bundesrecht\">http:\/\/www.ris.bka.gv.at\/bundesrecht<\/a>)<br \/>\nUID-Nr.: nicht erforderlich<br \/>\nGesellschaftsanteile 1\/3<\/p>\n<p><strong>Dr. Florian Johannes Hofmann<\/strong><br \/>\nMitglied der \u00c4rztekammer f\u00fcr Salzburg<br \/>\nBerufsbezeichnung: Facharzt f\u00fcr Orthop\u00e4die und Orthop\u00e4dische Chirurgie, Arzt f\u00fcr Allgemeinmedizin<br \/>\n(verliehen in \u00d6sterreich)<br \/>\nT\u00e4tigkeit unterliegt dem \u00c4rztegesetz 1998<br \/>\n(siehe <a href=\"http:\/\/www.ris.bka.gv.at\/bundesrecht\">http:\/\/www.ris.bka.gv.at\/bundesrecht<\/a>)<br \/>\nUID-Nr.: nicht erforderlich<br \/>\nGesellschaftsanteile 1\/3<\/p>\n<p><strong>Dr. Thomas Hofst\u00e4dter<br \/>\n<\/strong>Mitglied der \u00c4rztekammer f\u00fcr Salzburg<br \/>\nBerufsbezeichnung: Facharzt f\u00fcr Orthop\u00e4die und Orthop\u00e4dische Chirurgie, Arzt f\u00fcr Allgemeinmedizin<br \/>\n(verliehen in \u00d6sterreich)<br \/>\nT\u00e4tigkeit unterliegt dem \u00c4rztegesetz 1998<br \/>\n(siehe <a href=\"http:\/\/www.ris.bka.gv.at\/bundesrecht\">http:\/\/www.ris.bka.gv.at\/bundesrecht<\/a>)<br \/>\nUID-Nr.: nicht erforderlich<br \/>\nGesellschaftsanteile 1\/3<\/p>\n<p><strong>Blattlinie:<\/strong><br \/>\nInformation \u00fcber Ordinationsangebot, Wiedergabe medizinischer Informationen<\/p>\n<p><strong>Bildnachweis:<\/strong><br \/>\nDr. Christian Behrendt<br \/>\nDr. Florian Johannes Hofmann<br \/>\nDr. Kurosch Borhanian<br \/>\nwww.veigl-foto.at<br \/>\n<a href=\"http:\/\/www.photocase.com\" target=\"_blank\" rel=\"noopener\">www.photocase.com<\/a><br \/>\n<a href=\"http:\/\/www.shutterstock.com\/\" target=\"_blank\" rel=\"noopener\">www.shutterstock.com<\/a><br \/>\nTKH-Medical GmbH (Gammaswing Bilder &#8211; wir danken Herrn Gesch\u00e4ftsf\u00fchrer Thomas Kohler f\u00fcr die freundliche Zusage, Bilder \u00fcbernehmen zu d\u00fcrfen)<\/p>\n<p><strong>Copyright<\/strong><br \/>\nDas Copyright dieser Seiten liegt bei der Orthozentrum Spine &amp; Joint GmbH.<\/p>\n<p><strong>Haftungshinweis<\/strong><br \/>\nDie\u00a0Orthozentrum Spine &amp; Joint GmbH ist bem\u00fcht, die Internetpr\u00e4senz stets auf aktuellem und inhaltlich richtigem Stand zu halten und eine Vollst\u00e4ndigkeit anzubieten. Dennoch ist das Auftreten von Fehlern nicht v\u00f6llig auszuschlie\u00dfen. Die Betreiber \u00fcbernehmen keinerlei Gew\u00e4hr f\u00fcr die Aktualit\u00e4t, Korrektheit, Vollst\u00e4ndigkeit oder Qualit\u00e4t der bereitgestellten Informationen. Haftungsanspr\u00fcche, welche sich auf Sch\u00e4den materieller oder ideeller Art beziehen, die durch die Nutzung oder Nichtnutzung der dargebotenen Informationen bzw. durch die Nutzung fehlerhafter und unvollst\u00e4ndiger Informationen verursacht wurden, sind ausgeschlossen. Soweit Gesetze, Normen, Verordnungen etc. zitiert werden, \u00fcbernimmt der Betreiber dieser Homepage keine Gew\u00e4hr f\u00fcr die Richtigkeit bzw. Aktualit\u00e4t der Angaben. In Zweifelsf\u00e4llen sind die Originalquellen heranzuziehen. Alle Angebote sind freibleibend und unverbindlich. Die Urheber behalten es sich ausdr\u00fccklich vor, Teile der Seiten oder das gesamte Angebot ohne gesonderte Ank\u00fcndigung zu ver\u00e4ndern, zu erg\u00e4nzen, zu l\u00f6schen oder die Ver\u00f6ffentlichung zeitweise oder endg\u00fcltig einzustellen. Alle fachspezifischen Informationen, die auf dieser Website zu finden sind, werden von qualifizierten Fachleuten gegeben. Sie d\u00fcrfen jedoch nicht als Ersatz f\u00fcr die individuelle professionelle Beratung oder Behandlung durch ausgebildete und anerkannte Fachleute angesehen werden. Auf Grund der leichteren Lesbarkeit wird auf die geschlechtsneutrale Form verzichtet, die m\u00e4nnliche Schreibform schlie\u00dft immer auch die weibliche Form mit ein.<\/p>\n<p><strong>Verweise und Links<\/strong><br \/>\nDiese Internetpr\u00e4senz bietet auch Hyperlinks zu fremden Angeboten an. Trotz sorgf\u00e4ltiger inhaltlicher Kontrolle \u00fcbernimmt der Betreiber keine Haftung f\u00fcr externe Inhalte im Sinne ECG \u00a717. Der Betreiber der Website erkl\u00e4rt hiermit ausdr\u00fccklich, dass ihm zum Zeitpunkt des Setzen der Links keine illegalen Inhalte auf den entsprechenden verlinkten Internetseiten bekannt waren. Der Betreiber macht sich die fremden Inhalte nicht zu Eigen. Der Betreiber hat insbesondere keinerlei Einfluss auf die aktuelle und zuk\u00fcnftige Gestaltung sowie auf die Inhalte der gelinkten Seiten. Von den gegen geltendes Recht versto\u00dfenden Inhalten aller gelinkten Seiten, die nach der Linksetzung ver\u00e4ndert wurden, distanziert sich der Betreiber hiermit ausdr\u00fccklich. Trotz sorgf\u00e4ltiger inhaltlicher Kontrolle \u00fcbernimmt der Betreiber deshalb keine Haftung f\u00fcr die Inhalte externer Links. F\u00fcr den Inhalt der verlinkten Seiten sind ausschlie\u00dflich deren Betreiber verantwortlich. F\u00fcr rechtswidrige, fehlerhafte oder unvollst\u00e4ndige Inhalte und insbesondere f\u00fcr Sch\u00e4den, die aus der Nutzung oder Nichtnutzung der dargebotenen Informationen entstehen, haftet allein der Anbieter der verlinkten Seite.<\/p>\n<p><strong>Datenschutz<\/strong><br \/>\nDie Datenschutzhinweise finden Sie <a href=\"http:\/\/www.orthozentrumsalzburg.at\/?page_id=4308\">hier<\/a>.<\/p>\n<p><strong>Rechtswirksamkeit<\/strong><br \/>\nDieser Haftungsausschluss ist Teil des Internetangebotes der Orthozentrum Spine &amp; Joint GmbH. Sofern Teile oder einzelne Formulierungen dieses Textes der geltenden Rechtslage nicht, nicht mehr oder nicht vollst\u00e4ndig entsprechen sollten, bleiben die \u00fcbrigen Teile des Dokumentes in ihrem Inhalt und ihrer G\u00fcltigkeit davon unber\u00fchrt.<\/p>\n","protected":false},"excerpt":{"rendered":"<p>Information gem\u00e4\u00df \u00a7 5 E-Commerce-Gesetz und Offenlegung gem\u00e4\u00df \u00a7 25 Mediengesetz: Diensteanbieter: Orthozentrum Spine &amp; Joint GmbH Rechtsform: Gesellschaft mit beschr\u00e4nkter Haftung Medieninhaber: Dr. Christian Behrendt Firmensitz: Stieglstra\u00dfe 7 A-5020 Salzburg Tel.: +43 662 82 47 74 Fax: +43 662 63 04 01 Homepage: www.orthozentrumsalzburg.at www.ortho-zentrum-salzburg.at www.orthozentrum-sbg.at Unternehmensgegenstand: Einrichtung einer Ordinationsgemeinschaft UID Nr.: ATU67651908 Firmenbuchnummer: [&hellip;]<\/p>\n","protected":false},"author":1,"featured_media":0,"parent":11,"menu_order":0,"comment_status":"open","ping_status":"open","template":"","meta":[],"_links":{"self":[{"href":"http:\/\/www.orthozentrumsalzburg.at\/index.php?rest_route=\/wp\/v2\/pages\/6"}],"collection":[{"href":"http:\/\/www.orthozentrumsalzburg.at\/index.php?rest_route=\/wp\/v2\/pages"}],"about":[{"href":"http:\/\/www.orthozentrumsalzburg.at\/index.php?rest_route=\/wp\/v2\/types\/page"}],"author":[{"embeddable":true,"href":"http:\/\/www.orthozentrumsalzburg.at\/index.php?rest_route=\/wp\/v2\/users\/1"}],"replies":[{"embeddable":true,"href":"http:\/\/www.orthozentrumsalzburg.at\/index.php?rest_route=%2Fwp%2Fv2%2Fcomments&post=6"}],"version-history":[{"count":13,"href":"http:\/\/www.orthozentrumsalzburg.at\/index.php?rest_route=\/wp\/v2\/pages\/6\/revisions"}],"predecessor-version":[{"id":4311,"href":"http:\/\/www.orthozentrumsalzburg.at\/index.php?rest_route=\/wp\/v2\/pages\/6\/revisions\/4311"}],"up":[{"embeddable":true,"href":"http:\/\/www.orthozentrumsalzburg.at\/index.php?rest_route=\/wp\/v2\/pages\/11"}],"wp:attachment":[{"href":"http:\/\/www.orthozentrumsalzburg.at\/index.php?rest_route=%2Fwp%2Fv2%2Fmedia&parent=6"}],"curies":[{"name":"wp","href":"https:\/\/api.w.org\/{rel}","templated":true}]}}